{"id":2646,"date":"2021-03-22T09:36:32","date_gmt":"2021-03-22T08:36:32","guid":{"rendered":"https:\/\/bois-guillaume.com\/tourisme-activites-yonne\/"},"modified":"2024-12-17T10:56:55","modified_gmt":"2024-12-17T09:56:55","slug":"toerisme-activiteiten-yonne","status":"publish","type":"page","link":"https:\/\/bois-guillaume.com\/nl\/toerisme-activiteiten-yonne\/","title":{"rendered":"A voir \u00e0 faire autour"},"content":{"rendered":"<section id=\"section-605c62387a797\"\" class=\"section bg-white p-t-0\" \/><div class=\"container\"><h1 class=\"element section-title center deco-color3\">Bezoeken in de Yonne<\/h1><\/div><\/section>\n\n<section id=\"section-605c62387aa74\"\" class=\"section bg-white p-b-0\" \/><div class=\"container full\"><div class=\"colonnes-wrap valign-middle valign-stretch\"><div class=\"element colonne p-4 bg-color4 deco-raison raison-color1\"><h2 class=\"element section-title center\">Activiteiten in de omgeving van de camping<\/h2><div class=\"element bloc-text center \">\n\t<p>Voor de liefhebbers van geschiedenis, aarzel niet om onze kastelen te bezoeken in <strong class=\"bold color1\">Saint-Fargeau<\/strong>, <strong class=\"bold color1\">Ratilly<\/strong>, <strong class=\"bold color1\">Druyes-Les-Belles-Fontaines<\/strong>, <strong class=\"bold color1\">la Bussi\u00e8re<\/strong>&#8230;<\/p>\n<p>Wie zich meer aangetrokken voelt tot de <strong class=\"bold color1\">kalmte van het water<\/strong>&#8230; kan gaan wandelen aan het Lac du Bourdon in <strong class=\"bold color1\">Saint-Fargeau<\/strong>, bij de watertuin van <strong class=\"bold color1\">Bl\u00e9neau<\/strong>, bij het historische monument van <strong class=\"bold color1\">Rogny-Les-Sept-\u00c9cluses<\/strong> of bij het Pont-Canal van <strong class=\"bold color1\">Briare<\/strong>.<\/p>\n<p>Voor liefhebbers van <strong class=\"bold color1\">hiking<\/strong> of <strong class=\"bold color1\">biking<\/strong>, om te genieten van de natuur. Aarzel niet om de website van Visorando te bezoeken om de wandelingen in de buurt van de camping te ontdekken of vraag bij de receptie naar het boekje met wandelroutes, de Puisaye-Forterorge zit vol met kleine <strong class=\"bold color1\">bewaarde hoekjes van het paradijs<\/strong>.<br \/>\nHet is heel goed mogelijk om fietsen te huren via Toucy Cycles of Presta&#8217;roo.<\/p>\n<\/div><h2 class=\"element section-title center m-t-3\">Activiteiten in de Yonne<\/h2><div class=\"element bloc-text center \">\n\t<p>Er zijn verschillende activiteiten om met de kleintjes te doen, zoals kennismaken met de <strong class=\"bold color1\">boerderijdieren<\/strong> in de Moulin de Vanneau of in de Ferme du Ch\u00e2teau. Ontdek de <strong class=\"bold color1\">dieren van het bos<\/strong> in het dierenpark van Boutissaint.<\/p>\n<p>Prikkel uw zintuigen in de Fabuloserie en de Wolvenpiramide. Verwen uzelf met het plezier van <strong class=\"bold color1\">paardrijden<\/strong>, verschillende maneges zullen aan uw verwachtingen voldoen.<\/p>\n<p>Ontdek de <strong class=\"bold color1\">oude spoorwegen<\/strong> of geniet gewoon van het <strong class=\"bold color1\">waterplezier<\/strong> in de Base Nautique de Loisirs Daniel Bailly.<\/p>\n<p>De groteren kunnen zich uitleven op de <strong class=\"bold color1\">accrobranche<\/strong> in het avonturenpark Bois de La Folie, of vliegen <strong class=\"bold color1\">in een heteluchtballon<\/strong> , in een autogyro, multiaxis, pendular&#8230; met ULM Air Puisaye.<br \/>\nEn voor de waaghalzen onder ons: kom <strong class=\"bold color1\">motocross<\/strong> proberen met Chronovert.<\/p>\n<\/div><\/div><div class=\"element colonne mozaique-images p-0\"><div class=\"image\"><img decoding=\"async\" src=\"https:\/\/bois-guillaume.com\/wp-content\/uploads\/2021\/04\/ferme-chateau-100x91.jpg\" data-src=\"https:\/\/bois-guillaume.com\/wp-content\/uploads\/2021\/04\/ferme-chateau.jpg\" alt=\"kasteelboerderij\" class=\"images_image\" \/><\/div><div class=\"image\"><img decoding=\"async\" src=\"https:\/\/bois-guillaume.com\/wp-content\/uploads\/2021\/04\/aqueduct-yonne-100x91.jpg\" data-src=\"https:\/\/bois-guillaume.com\/wp-content\/uploads\/2021\/04\/aqueduct-yonne.jpg\" alt=\"aquaduct yonne\" class=\"images_image\" \/><\/div><div class=\"image\"><img decoding=\"async\" src=\"https:\/\/bois-guillaume.com\/wp-content\/uploads\/2021\/04\/yonne-chateaux-100x91.jpg\" data-src=\"https:\/\/bois-guillaume.com\/wp-content\/uploads\/2021\/04\/yonne-chateaux.jpg\" alt=\"kastelen van de yonne\" class=\"images_image\" \/><\/div><div class=\"image\"><img decoding=\"async\" src=\"https:\/\/bois-guillaume.com\/wp-content\/uploads\/2021\/04\/accrobranche-activite-100x91.jpg\" data-src=\"https:\/\/bois-guillaume.com\/wp-content\/uploads\/2021\/04\/accrobranche-activite.jpg\" alt=\"accrobranche-activiteit\" class=\"images_image\" \/><\/div><\/div><\/div><\/div><\/section>\n\n<section id=\"section-605c5af4660d4\"\" class=\"section bg-white p-t-0\" \/><div class=\"container full\"><div class=\"colonnes-wrap valign-middle valign-stretch\"><div class=\"element colonne mozaique-images p-0\"><div class=\"image\"><img decoding=\"async\" src=\"https:\/\/bois-guillaume.com\/wp-content\/uploads\/2021\/04\/peche-enfant-100x91.jpg\" data-src=\"https:\/\/bois-guillaume.com\/wp-content\/uploads\/2021\/04\/peche-enfant.jpg\" alt=\"kindervissen\" class=\"images_image\" \/><\/div><div class=\"image\"><img decoding=\"async\" src=\"https:\/\/bois-guillaume.com\/wp-content\/uploads\/2021\/04\/poterie-homme-100x91.jpg\" data-src=\"https:\/\/bois-guillaume.com\/wp-content\/uploads\/2021\/04\/poterie-homme.jpg\" alt=\"mannelijk aardewerk\" class=\"images_image\" \/><\/div><div class=\"image\"><img decoding=\"async\" src=\"https:\/\/bois-guillaume.com\/wp-content\/uploads\/2021\/04\/spectacle-chateau-100x91.jpg\" data-src=\"https:\/\/bois-guillaume.com\/wp-content\/uploads\/2021\/04\/spectacle-chateau.jpg\" alt=\"kasteelshow\" class=\"images_image\" \/><\/div><div class=\"image\"><img decoding=\"async\" src=\"https:\/\/bois-guillaume.com\/wp-content\/uploads\/2021\/04\/colette-portrait-100x91.jpg\" data-src=\"https:\/\/bois-guillaume.com\/wp-content\/uploads\/2021\/04\/colette-portrait.jpg\" alt=\"colette portret\" class=\"images_image\" \/><\/div><\/div><div class=\"element colonne p-4 bg-color4 deco-vigne vigne-color1\"><h2 class=\"element section-title justify\">De must-see bezoeken<\/h2><div class=\"element bloc-text left \">\n\t<p>U kunt ook ontdekken :<\/p>\n<ul>\n<li>het beroemde <strong class=\"bold color1\">middeleeuwse kasteel<\/strong> in aanbouw <strong class=\"bold color1\">Gu\u00e9delon<\/strong>,<\/li>\n<li><strong class=\"bold color1\">Colette&#8217;s geboortehuis en museum<\/strong>,<\/li>\n<li>de <strong class=\"bold color1\">geluids- en lichtshows in Saint-Fargeau<\/strong>,<\/li>\n<li>het <strong class=\"bold color1\">pyromelodisch vuurwerk van Rogny les Sept Ecluses<\/strong>,<\/li>\n<li>en zelfs <strong class=\"bold color1\">de wijngaarden<\/strong>&#8230;<\/li>\n<\/ul>\n<p>We hebben ook <strong class=\"bold color1\">theaters<\/strong> en <strong class=\"bold color1\">showrooms<\/strong> zoals Le Bellovid\u00e8re, La Closerie,&#8230; en ook een <strong class=\"bold color1\">cabaret<\/strong> dat u een dromerige tijd zal bezorgen in de <strong class=\"bold color1\">Gourmet Hive<\/strong>.<\/p>\n<p>De <strong class=\"bold color1\">vissers<\/strong> zullen onze regio ook waarderen om zijn rivieren, vijvers en meren. Voor de houders van een <strong class=\"bold color1\">EHGO viskaart<\/strong>, zijn het meer van Bourdon, het meer van Moutiers, het meer van Cahauderie, het Etang Neuf&#8230; en verschillende rivieren gemakkelijk voor u toegankelijk. Voor <strong class=\"bold color1\">vissers die slechts af en toe vissen<\/strong> of voor de priv\u00e9-vijvers van Saint-Priv\u00e9, Marchais B\u00e9ton, Charny&#8230;, is het mogelijk om een <strong class=\"bold color1\">dagkaart<\/strong> te nemen.<\/p>\n<p>De <strong class=\"bold color1\">pottenbakkersliefhebbers<\/strong> kunnen kiezen tussen verschillende <strong class=\"bold color1\">werkplaatsen<\/strong> en <strong class=\"bold color1\">fabriques<\/strong> : de pottenbakkerij van B\u00e2tisse in Moutiers-en-Puisaye, de pottenbakkerij van Saint-Fargeau&#8230; Maar de must-see plaats, het <strong class=\"bold color1\">pottenbakkersdorp<\/strong> bij uitstek, is natuurlijk <strong class=\"bold color1\">Saint-Amand-en-Puisaye<\/strong> met een veelheid aan winkels die hun keramiek, steengoed en porselein creaties presenteren.<\/p>\n<p>Je kon je niet alles herinneren, maak je geen zorgen!<br \/>\nEr zijn zoveel dingen te doen, te zien of te bekijken in Bourgondi\u00eb dat we er zijn om u te begeleiden tijdens uw verblijf op <a href=\"\/nl\/\">camping Le Bois Guillaume<\/a>.<\/p>\n<\/div><\/div><\/div><\/div><\/section>\n\n<section id=\"section-605cacfa1a14a\"\" class=\"section bg-white\" \/><div class=\"container extralarge\"><div class=\"element section-title center titre-cta\">Ontdek de streek en onze huuraccommodaties<\/div><ul class=\"liste-de-page scroll-x-mobile\"><li class=\"element call-to-action center titre-cta call-to-action--style-1 call-to-action--normal\"><a href=\"https:\/\/bois-guillaume.com\/nl\/toerisme-yonne\/\"  class=\"call-to-action_link\" title=\"Lees meer over de regio\"><div class=\"call-to-action_image\"><img decoding=\"async\" src=\"https:\/\/bois-guillaume.com\/wp-content\/uploads\/2021\/04\/vue-yonne-eau-80x100.jpg\" data-src=\"https:\/\/bois-guillaume.com\/wp-content\/uploads\/2021\/04\/vue-yonne-eau.jpg\" alt=\"vue yonne eau\" class=\"normal\" \/><\/div><div class=\"call-to-action_contenu\"><div class=\"call-to-action_titre\">De regio<\/div><\/div><\/a><\/li><li class=\"element call-to-action center titre-cta call-to-action--style-1 call-to-action--normal call-to-action--style-1 call-to-action--normal\"><a href=\"https:\/\/bois-guillaume.com\/nl\/gezinscamping-villeneuve-les-genets\/\"  class=\"call-to-action_link\" title=\"Lees meer over nos diensten &#038; animaties\"><div class=\"call-to-action_image\"><img decoding=\"async\" src=\"https:\/\/bois-guillaume.com\/wp-content\/uploads\/2021\/03\/animations-services-yonne-83x100.jpg\" data-src=\"https:\/\/bois-guillaume.com\/wp-content\/uploads\/2021\/03\/animations-services-yonne.jpg\" alt=\"animations services yonne\" class=\"normal\" \/><\/div><div class=\"call-to-action_contenu\"><div class=\"call-to-action_titre\">Nos diensten &#038; animaties<\/div><\/div><\/a><\/li><li class=\"element call-to-action center titre-cta call-to-action--style-1 call-to-action--normal call-to-action--style-1 call-to-action--normal call-to-action--style-1 call-to-action--normal\"><a href=\"https:\/\/bois-guillaume.com\/nl\/kamperen-ontsnappingsspel-villeneuve-les-genets\/\"  class=\"call-to-action_link\" title=\"Lees meer over ontsnappingsspel\"><div class=\"call-to-action_image\"><img decoding=\"async\" src=\"https:\/\/bois-guillaume.com\/wp-content\/uploads\/2021\/04\/escape-game-80x100.jpg\" data-src=\"https:\/\/bois-guillaume.com\/wp-content\/uploads\/2021\/04\/escape-game.jpg\" alt=\"escape game\" class=\"normal\" \/><\/div><div class=\"call-to-action_contenu\"><div class=\"call-to-action_titre\">Ontsnappingsspel<\/div><\/div><\/a><\/li><\/ul><\/div><\/section>","protected":false},"excerpt":{"rendered":"","protected":false},"author":1,"featured_media":1399,"parent":0,"menu_order":0,"comment_status":"closed","ping_status":"closed","template":"","meta":{"_acf_changed":false,"footnotes":""},"class_list":["post-2646","page","type-page","status-publish","has-post-thumbnail","hentry"],"acf":[],"yoast_head":"<!-- This site is optimized with the Yoast SEO plugin v25.3 - https:\/\/yoast.com\/wordpress\/plugins\/seo\/ -->\n<title>Activiteiten in Yonne | Bezoeken, Toerisme in de buurt van Villeneuve-les-Gen\u00eats<\/title>\n<meta name=\"robots\" content=\"index, follow, max-snippet:-1, max-image-preview:large, max-video-preview:-1\" \/>\n<link rel=\"canonical\" href=\"https:\/\/bois-guillaume.com\/nl\/toerisme-activiteiten-yonne\/\" \/>\n<meta property=\"og:locale\" content=\"nl_NL\" \/>\n<meta property=\"og:type\" content=\"article\" \/>\n<meta property=\"og:title\" content=\"Activiteiten in Yonne | Bezoeken, Toerisme in de buurt van Villeneuve-les-Gen\u00eats\" \/>\n<meta property=\"og:url\" content=\"https:\/\/bois-guillaume.com\/nl\/toerisme-activiteiten-yonne\/\" \/>\n<meta property=\"og:site_name\" content=\"Camping Bois Guillaume\" \/>\n<meta property=\"article:modified_time\" content=\"2024-12-17T09:56:55+00:00\" \/>\n<meta property=\"og:image\" content=\"https:\/\/bois-guillaume.com\/wp-content\/uploads\/2021\/04\/vue-yonne.jpg\" \/>\n\t<meta property=\"og:image:width\" content=\"1903\" \/>\n\t<meta property=\"og:image:height\" content=\"500\" \/>\n\t<meta property=\"og:image:type\" content=\"image\/jpeg\" \/>\n<meta name=\"twitter:card\" content=\"summary_large_image\" \/>\n<meta name=\"twitter:label1\" content=\"Geschatte leestijd\" \/>\n\t<meta name=\"twitter:data1\" content=\"1 minuut\" \/>\n<script type=\"application\/ld+json\" class=\"yoast-schema-graph\">{\"@context\":\"https:\/\/schema.org\",\"@graph\":[{\"@type\":\"WebPage\",\"@id\":\"https:\/\/bois-guillaume.com\/nl\/toerisme-activiteiten-yonne\/\",\"url\":\"https:\/\/bois-guillaume.com\/nl\/toerisme-activiteiten-yonne\/\",\"name\":\"Activiteiten in Yonne | Bezoeken, Toerisme in de buurt van Villeneuve-les-Gen\u00eats\",\"isPartOf\":{\"@id\":\"https:\/\/bois-guillaume.com\/nl\/#website\"},\"primaryImageOfPage\":{\"@id\":\"https:\/\/bois-guillaume.com\/nl\/toerisme-activiteiten-yonne\/#primaryimage\"},\"image\":{\"@id\":\"https:\/\/bois-guillaume.com\/nl\/toerisme-activiteiten-yonne\/#primaryimage\"},\"thumbnailUrl\":\"https:\/\/bois-guillaume.com\/wp-content\/uploads\/2021\/04\/vue-yonne.jpg\",\"datePublished\":\"2021-03-22T08:36:32+00:00\",\"dateModified\":\"2024-12-17T09:56:55+00:00\",\"breadcrumb\":{\"@id\":\"https:\/\/bois-guillaume.com\/nl\/toerisme-activiteiten-yonne\/#breadcrumb\"},\"inLanguage\":\"nl-NL\",\"potentialAction\":[{\"@type\":\"ReadAction\",\"target\":[\"https:\/\/bois-guillaume.com\/nl\/toerisme-activiteiten-yonne\/\"]}]},{\"@type\":\"ImageObject\",\"inLanguage\":\"nl-NL\",\"@id\":\"https:\/\/bois-guillaume.com\/nl\/toerisme-activiteiten-yonne\/#primaryimage\",\"url\":\"https:\/\/bois-guillaume.com\/wp-content\/uploads\/2021\/04\/vue-yonne.jpg\",\"contentUrl\":\"https:\/\/bois-guillaume.com\/wp-content\/uploads\/2021\/04\/vue-yonne.jpg\",\"width\":1903,\"height\":500,\"caption\":\"vue yonne\"},{\"@type\":\"BreadcrumbList\",\"@id\":\"https:\/\/bois-guillaume.com\/nl\/toerisme-activiteiten-yonne\/#breadcrumb\",\"itemListElement\":[{\"@type\":\"ListItem\",\"position\":1,\"name\":\"Camping Yonne\",\"item\":\"https:\/\/bois-guillaume.com\/nl\/\"},{\"@type\":\"ListItem\",\"position\":2,\"name\":\"Activiteiten Yonne\"}]},{\"@type\":\"WebSite\",\"@id\":\"https:\/\/bois-guillaume.com\/nl\/#website\",\"url\":\"https:\/\/bois-guillaume.com\/nl\/\",\"name\":\"Camping Bois Guillaume\",\"description\":\"\",\"potentialAction\":[{\"@type\":\"SearchAction\",\"target\":{\"@type\":\"EntryPoint\",\"urlTemplate\":\"https:\/\/bois-guillaume.com\/nl\/?s={search_term_string}\"},\"query-input\":{\"@type\":\"PropertyValueSpecification\",\"valueRequired\":true,\"valueName\":\"search_term_string\"}}],\"inLanguage\":\"nl-NL\"}]}<\/script>\n<!-- \/ Yoast SEO plugin. -->","yoast_head_json":{"title":"Activiteiten in Yonne | Bezoeken, Toerisme in de buurt van Villeneuve-les-Gen\u00eats","robots":{"index":"index","follow":"follow","max-snippet":"max-snippet:-1","max-image-preview":"max-image-preview:large","max-video-preview":"max-video-preview:-1"},"canonical":"https:\/\/bois-guillaume.com\/nl\/toerisme-activiteiten-yonne\/","og_locale":"nl_NL","og_type":"article","og_title":"Activiteiten in Yonne | Bezoeken, Toerisme in de buurt van Villeneuve-les-Gen\u00eats","og_url":"https:\/\/bois-guillaume.com\/nl\/toerisme-activiteiten-yonne\/","og_site_name":"Camping Bois Guillaume","article_modified_time":"2024-12-17T09:56:55+00:00","og_image":[{"width":1903,"height":500,"url":"https:\/\/bois-guillaume.com\/wp-content\/uploads\/2021\/04\/vue-yonne.jpg","type":"image\/jpeg"}],"twitter_card":"summary_large_image","twitter_misc":{"Geschatte leestijd":"1 minuut"},"schema":{"@context":"https:\/\/schema.org","@graph":[{"@type":"WebPage","@id":"https:\/\/bois-guillaume.com\/nl\/toerisme-activiteiten-yonne\/","url":"https:\/\/bois-guillaume.com\/nl\/toerisme-activiteiten-yonne\/","name":"Activiteiten in Yonne | Bezoeken, Toerisme in de buurt van Villeneuve-les-Gen\u00eats","isPartOf":{"@id":"https:\/\/bois-guillaume.com\/nl\/#website"},"primaryImageOfPage":{"@id":"https:\/\/bois-guillaume.com\/nl\/toerisme-activiteiten-yonne\/#primaryimage"},"image":{"@id":"https:\/\/bois-guillaume.com\/nl\/toerisme-activiteiten-yonne\/#primaryimage"},"thumbnailUrl":"https:\/\/bois-guillaume.com\/wp-content\/uploads\/2021\/04\/vue-yonne.jpg","datePublished":"2021-03-22T08:36:32+00:00","dateModified":"2024-12-17T09:56:55+00:00","breadcrumb":{"@id":"https:\/\/bois-guillaume.com\/nl\/toerisme-activiteiten-yonne\/#breadcrumb"},"inLanguage":"nl-NL","potentialAction":[{"@type":"ReadAction","target":["https:\/\/bois-guillaume.com\/nl\/toerisme-activiteiten-yonne\/"]}]},{"@type":"ImageObject","inLanguage":"nl-NL","@id":"https:\/\/bois-guillaume.com\/nl\/toerisme-activiteiten-yonne\/#primaryimage","url":"https:\/\/bois-guillaume.com\/wp-content\/uploads\/2021\/04\/vue-yonne.jpg","contentUrl":"https:\/\/bois-guillaume.com\/wp-content\/uploads\/2021\/04\/vue-yonne.jpg","width":1903,"height":500,"caption":"vue yonne"},{"@type":"BreadcrumbList","@id":"https:\/\/bois-guillaume.com\/nl\/toerisme-activiteiten-yonne\/#breadcrumb","itemListElement":[{"@type":"ListItem","position":1,"name":"Camping Yonne","item":"https:\/\/bois-guillaume.com\/nl\/"},{"@type":"ListItem","position":2,"name":"Activiteiten Yonne"}]},{"@type":"WebSite","@id":"https:\/\/bois-guillaume.com\/nl\/#website","url":"https:\/\/bois-guillaume.com\/nl\/","name":"Camping Bois Guillaume","description":"","potentialAction":[{"@type":"SearchAction","target":{"@type":"EntryPoint","urlTemplate":"https:\/\/bois-guillaume.com\/nl\/?s={search_term_string}"},"query-input":{"@type":"PropertyValueSpecification","valueRequired":true,"valueName":"search_term_string"}}],"inLanguage":"nl-NL"}]}},"_links":{"self":[{"href":"https:\/\/bois-guillaume.com\/nl\/wp-json\/wp\/v2\/pages\/2646","targetHints":{"allow":["GET"]}}],"collection":[{"href":"https:\/\/bois-guillaume.com\/nl\/wp-json\/wp\/v2\/pages"}],"about":[{"href":"https:\/\/bois-guillaume.com\/nl\/wp-json\/wp\/v2\/types\/page"}],"author":[{"embeddable":true,"href":"https:\/\/bois-guillaume.com\/nl\/wp-json\/wp\/v2\/users\/1"}],"replies":[{"embeddable":true,"href":"https:\/\/bois-guillaume.com\/nl\/wp-json\/wp\/v2\/comments?post=2646"}],"version-history":[{"count":7,"href":"https:\/\/bois-guillaume.com\/nl\/wp-json\/wp\/v2\/pages\/2646\/revisions"}],"predecessor-version":[{"id":4178,"href":"https:\/\/bois-guillaume.com\/nl\/wp-json\/wp\/v2\/pages\/2646\/revisions\/4178"}],"wp:featuredmedia":[{"embeddable":true,"href":"https:\/\/bois-guillaume.com\/nl\/wp-json\/wp\/v2\/media\/1399"}],"wp:attachment":[{"href":"https:\/\/bois-guillaume.com\/nl\/wp-json\/wp\/v2\/media?parent=2646"}],"curies":[{"name":"wp","href":"https:\/\/api.w.org\/{rel}","templated":true}]}}