{"id":2640,"date":"2021-03-22T09:36:17","date_gmt":"2021-03-22T08:36:17","guid":{"rendered":"https:\/\/bois-guillaume.com\/camping-ouvert-a-lannee-villeneuve-les-genets\/"},"modified":"2026-01-17T09:57:49","modified_gmt":"2026-01-17T08:57:49","slug":"kamperen-het-hele-jaar-geopend-villeneuve-les-genets","status":"publish","type":"page","link":"https:\/\/bois-guillaume.com\/nl\/kamperen-het-hele-jaar-geopend-villeneuve-les-genets\/","title":{"rendered":"Camping : Camping ouvert \u00e0 l&#8217;ann\u00e9e"},"content":{"rendered":"<section id=\"section-605c62387a797\"\" class=\"section bg-white p-t-0\" \/><div class=\"container\"><h1 class=\"element section-title center deco-color3\">Camping het hele jaar geopend Yonne<\/h1><\/div><\/section>\n\n<section id=\"section-605c62387aa74\"\" class=\"section bg-white p-b-0\" \/><div class=\"container full\"><div class=\"colonnes-wrap valign-middle valign-stretch\"><div class=\"element colonne p-4 bg-color4 deco-raison raison-color1\"><h2 class=\"element section-title justify\">Camping het hele seizoen geopend in Villeneuve-les-Gen\u00eats<\/h2><div class=\"element bloc-text justify \">\n\t<p>Welkom op Camping Le Bois Guillaume het hele jaar geopend op slechts 1h30 van Parijs.<br \/>\nKom en doe nieuwe energie op in de rust van ons <strong class=\"bold color1\">bosrijke park van 7 hectare<\/strong>.<\/p>\n<p>Een camping op mensenmaat, gelegen in Villeneuve les Gen\u00eats in de Yonne, meer precies in Bourgondi\u00eb &#8211; Franche &#8211; Comt\u00e9, hebben we 80 ruime plaatsen waaronder 6 tenten, 4 chalets, 18 mobil-homes en een groep loge goedgekeurd door jeugd en sport.<\/p>\n<p>In <strong class=\"bold color1\">winter<\/strong>, verwelkomen wij u in onze <strong class=\"bold color1\">houten chalets met alle comfort<\/strong> en in onze groeps loge voor een verblijf met familie of vrienden waar u kunt genieten van <strong class=\"bold color1\">avonden bij het haardvuur<\/strong>. Kom een rustig verblijf bij ons doorbrengen!<\/p>\n<p>Verwarmde sanitaire voorzieningen, evenals een aangepaste cabine voor personen met beperkte mobiliteit, blijven van half maart tot half november, open voor het welzijn van kampeerders die in alle seizoenen willen reizen.<\/p>\n<p>&nbsp;<\/p>\n<p>&nbsp;<\/p>\n<\/div><\/div><div class=\"element colonne mozaique-images p-0\"><div class=\"image\"><img decoding=\"async\" src=\"https:\/\/bois-guillaume.com\/wp-content\/uploads\/2021\/04\/chalet-yonne-100x91.jpg\" data-src=\"https:\/\/bois-guillaume.com\/wp-content\/uploads\/2021\/04\/chalet-yonne.jpg\" alt=\"chalet yonne\" class=\"images_image\" \/><\/div><div class=\"image\"><img decoding=\"async\" src=\"https:\/\/bois-guillaume.com\/wp-content\/uploads\/2021\/11\/gite-100x67.jpg\" data-src=\"https:\/\/bois-guillaume.com\/wp-content\/uploads\/2021\/11\/gite.jpg\" alt=\"gite yonne\" class=\"images_image\" \/><\/div><div class=\"image\"><img decoding=\"async\" src=\"https:\/\/bois-guillaume.com\/wp-content\/uploads\/2021\/03\/camping-car-yonne-1-100x91.jpg\" data-src=\"https:\/\/bois-guillaume.com\/wp-content\/uploads\/2021\/03\/camping-car-yonne-1.jpg\" alt=\"kampeerauto yonne\" class=\"images_image\" \/><\/div><div class=\"image\"><img decoding=\"async\" src=\"https:\/\/bois-guillaume.com\/wp-content\/uploads\/2021\/04\/sanitaire-yonne-100x91.jpg\" data-src=\"https:\/\/bois-guillaume.com\/wp-content\/uploads\/2021\/04\/sanitaire-yonne.jpg\" alt=\"gezondheid yonne\" class=\"images_image\" \/><\/div><\/div><\/div><\/div><\/section>\n\n<section id=\"section-605c5af4660d4\"\" class=\"section bg-white\" \/><div class=\"container extralarge\"><h2 class=\"element section-title center\">Ge\u00ebtiketteerde camping in Yonne<\/h2><div class=\"element bloc-text center \">\n\t<p>Onze <a href=\"\/nl\/\">4 sterren camping<\/a> is <strong class=\"bold color1\">ge\u00ebtiketteerd &#8220;Qualit\u00e9 Tourisme&#8221;<\/strong> en <strong class=\"bold color1\">&#8220;Camping Qualit\u00e9&#8221;<\/strong> om u een <strong class=\"bold color1\">comfortabel<\/strong> en <strong class=\"bold color1\">plezierig verblijf<\/strong> te garanderen. Toegewijd aan het respecteren van de natuur, dank u voor hetzelfde te doen. Ons trouwe team werkt het hele jaar door aan het verbeteren en onderhouden van de infrastructuur en het landschap, zij zullen u met veel plezier ontvangen en aandacht hebben voor uw wensen, zodat u optimaal van uw vakantie kunt genieten.<\/p>\n<p><strong class=\"bold color1\">Ook ANCV<\/strong>, een verblijf in Puisaye zal toegankelijk zijn voor houders van vakantiecheques! En\u00a0 <strong class=\"bold color1\">vakantiecheques connect<\/strong> zowel online als ter plaatse kunnen worden geboekt.<\/p>\n<p><strong class=\"bold color1\">Twee wandelingen van de GR<\/strong> de Puisaye worden voorgesteld vanaf de camping.<br \/>\nGelegen op 15 minuten van het <strong class=\"bold color1\">lac du Bourdon<\/strong> ideaal voor vissen en watersporten, 25 minuten van de <strong class=\"bold color1\">middeleeuwse site van Gu\u00e9delon<\/strong> waar u ondergedompeld wordt in de sfeer van de Middeleeuwen, 45 minuten van Auxerre of Montargis, 1 uur van <strong class=\"bold color1\">Chablis<\/strong> en zijn <strong class=\"bold color1\">beroemde wijngaard<\/strong> : natuur, cultuur, erfgoed en terroir zijn er allemaal om uw nieuwsgierigheid te bevredigen.<\/p>\n<\/div><\/div><\/section>\n\n<section id=\"section-605cacfa1a14a\"\" class=\"section bg-white\" \/><div class=\"container extralarge\"><div class=\"element section-title center titre-cta\">Onze accommodaties en staanplaatsen op de camping<\/div><ul class=\"liste-de-page scroll-x-mobile\"><li class=\"element call-to-action center titre-cta call-to-action--style-1 call-to-action--normal\"><a href=\"https:\/\/bois-guillaume.com\/nl\/verhuur-accommodatie-villeneuve-les-genets\/\"  class=\"call-to-action_link\" title=\"Lees meer over in mobilhomes\"><div class=\"call-to-action_image\"><img decoding=\"async\" src=\"https:\/\/bois-guillaume.com\/wp-content\/uploads\/2021\/04\/terrasse-mobil-home-3-83x100.jpg\" data-src=\"https:\/\/bois-guillaume.com\/wp-content\/uploads\/2021\/04\/terrasse-mobil-home-3.jpg\" alt=\"terrasse mobil home\" class=\"normal\" \/><\/div><div class=\"call-to-action_contenu\"><div class=\"call-to-action_titre\">In mobilhomes<\/div><\/div><\/a><\/li><li class=\"element call-to-action center titre-cta call-to-action--style-1 call-to-action--normal call-to-action--style-1 call-to-action--normal\"><a href=\"https:\/\/bois-guillaume.com\/nl\/verhuur-huisjes-gites-yonne\/\"  class=\"call-to-action_link\" title=\"Lees meer over huur een huisje of een loge\"><div class=\"call-to-action_image\"><img decoding=\"async\" src=\"https:\/\/bois-guillaume.com\/wp-content\/uploads\/2021\/03\/chalet-yonne-100x91.jpg\" data-src=\"https:\/\/bois-guillaume.com\/wp-content\/uploads\/2021\/03\/chalet-yonne.jpg\" alt=\"chalet yonne\" class=\"normal\" \/><\/div><div class=\"call-to-action_contenu\"><div class=\"call-to-action_titre\">Huur een huisje of een loge<\/div><\/div><\/a><\/li><li class=\"element call-to-action center titre-cta call-to-action--style-1 call-to-action--normal call-to-action--style-1 call-to-action--normal call-to-action--style-1 call-to-action--normal\"><a href=\"https:\/\/bois-guillaume.com\/nl\/kampeerplaatsen-villeneuve-les-genets\/\"  class=\"call-to-action_link\" title=\"Lees meer over kampeerplaatsen\"><div class=\"call-to-action_image\"><img decoding=\"async\" src=\"https:\/\/bois-guillaume.com\/wp-content\/uploads\/2021\/03\/location-emplacement-yonne-1-80x100.jpg\" data-src=\"https:\/\/bois-guillaume.com\/wp-content\/uploads\/2021\/03\/location-emplacement-yonne-1.jpg\" alt=\"location emplacement yonne\" class=\"normal\" \/><\/div><div class=\"call-to-action_contenu\"><div class=\"call-to-action_titre\">Kampeerplaatsen<\/div><\/div><\/a><\/li><\/ul><\/div><\/section>","protected":false},"excerpt":{"rendered":"","protected":false},"author":1,"featured_media":938,"parent":0,"menu_order":0,"comment_status":"closed","ping_status":"closed","template":"","meta":{"_acf_changed":false,"footnotes":""},"class_list":["post-2640","page","type-page","status-publish","has-post-thumbnail","hentry"],"acf":[],"yoast_head":"<!-- This site is optimized with the Yoast SEO plugin v25.3 - https:\/\/yoast.com\/wordpress\/plugins\/seo\/ -->\n<title>Kamperen het hele jaar geopend Villeneuve-les-Gen\u00eats | Verhuur het hele seizoen Yonne<\/title>\n<meta name=\"robots\" content=\"index, follow, max-snippet:-1, max-image-preview:large, max-video-preview:-1\" \/>\n<link rel=\"canonical\" href=\"https:\/\/bois-guillaume.com\/nl\/kamperen-het-hele-jaar-geopend-villeneuve-les-genets\/\" \/>\n<meta property=\"og:locale\" content=\"nl_NL\" \/>\n<meta property=\"og:type\" content=\"article\" \/>\n<meta property=\"og:title\" content=\"Kamperen het hele jaar geopend Villeneuve-les-Gen\u00eats | Verhuur het hele seizoen Yonne\" \/>\n<meta property=\"og:url\" content=\"https:\/\/bois-guillaume.com\/nl\/kamperen-het-hele-jaar-geopend-villeneuve-les-genets\/\" \/>\n<meta property=\"og:site_name\" content=\"Camping Bois Guillaume\" \/>\n<meta property=\"article:modified_time\" content=\"2026-01-17T08:57:49+00:00\" \/>\n<meta property=\"og:image\" content=\"https:\/\/bois-guillaume.com\/wp-content\/uploads\/2021\/03\/location-yonne.jpg\" \/>\n\t<meta property=\"og:image:width\" content=\"1902\" \/>\n\t<meta property=\"og:image:height\" content=\"500\" \/>\n\t<meta property=\"og:image:type\" content=\"image\/jpeg\" \/>\n<meta name=\"twitter:card\" content=\"summary_large_image\" \/>\n<meta name=\"twitter:label1\" content=\"Geschatte leestijd\" \/>\n\t<meta name=\"twitter:data1\" content=\"1 minuut\" \/>\n<script type=\"application\/ld+json\" class=\"yoast-schema-graph\">{\"@context\":\"https:\/\/schema.org\",\"@graph\":[{\"@type\":\"WebPage\",\"@id\":\"https:\/\/bois-guillaume.com\/nl\/kamperen-het-hele-jaar-geopend-villeneuve-les-genets\/\",\"url\":\"https:\/\/bois-guillaume.com\/nl\/kamperen-het-hele-jaar-geopend-villeneuve-les-genets\/\",\"name\":\"Kamperen het hele jaar geopend Villeneuve-les-Gen\u00eats | Verhuur het hele seizoen Yonne\",\"isPartOf\":{\"@id\":\"https:\/\/bois-guillaume.com\/nl\/#website\"},\"primaryImageOfPage\":{\"@id\":\"https:\/\/bois-guillaume.com\/nl\/kamperen-het-hele-jaar-geopend-villeneuve-les-genets\/#primaryimage\"},\"image\":{\"@id\":\"https:\/\/bois-guillaume.com\/nl\/kamperen-het-hele-jaar-geopend-villeneuve-les-genets\/#primaryimage\"},\"thumbnailUrl\":\"https:\/\/bois-guillaume.com\/wp-content\/uploads\/2021\/03\/location-yonne.jpg\",\"datePublished\":\"2021-03-22T08:36:17+00:00\",\"dateModified\":\"2026-01-17T08:57:49+00:00\",\"breadcrumb\":{\"@id\":\"https:\/\/bois-guillaume.com\/nl\/kamperen-het-hele-jaar-geopend-villeneuve-les-genets\/#breadcrumb\"},\"inLanguage\":\"nl-NL\",\"potentialAction\":[{\"@type\":\"ReadAction\",\"target\":[\"https:\/\/bois-guillaume.com\/nl\/kamperen-het-hele-jaar-geopend-villeneuve-les-genets\/\"]}]},{\"@type\":\"ImageObject\",\"inLanguage\":\"nl-NL\",\"@id\":\"https:\/\/bois-guillaume.com\/nl\/kamperen-het-hele-jaar-geopend-villeneuve-les-genets\/#primaryimage\",\"url\":\"https:\/\/bois-guillaume.com\/wp-content\/uploads\/2021\/03\/location-yonne.jpg\",\"contentUrl\":\"https:\/\/bois-guillaume.com\/wp-content\/uploads\/2021\/03\/location-yonne.jpg\",\"width\":1902,\"height\":500,\"caption\":\"location yonne\"},{\"@type\":\"BreadcrumbList\",\"@id\":\"https:\/\/bois-guillaume.com\/nl\/kamperen-het-hele-jaar-geopend-villeneuve-les-genets\/#breadcrumb\",\"itemListElement\":[{\"@type\":\"ListItem\",\"position\":1,\"name\":\"Camping Yonne\",\"item\":\"https:\/\/bois-guillaume.com\/nl\/\"},{\"@type\":\"ListItem\",\"position\":2,\"name\":\"Camping alle seizoenen Villeneuve-les-Gen\u00eats\"}]},{\"@type\":\"WebSite\",\"@id\":\"https:\/\/bois-guillaume.com\/nl\/#website\",\"url\":\"https:\/\/bois-guillaume.com\/nl\/\",\"name\":\"Camping Bois Guillaume\",\"description\":\"\",\"potentialAction\":[{\"@type\":\"SearchAction\",\"target\":{\"@type\":\"EntryPoint\",\"urlTemplate\":\"https:\/\/bois-guillaume.com\/nl\/?s={search_term_string}\"},\"query-input\":{\"@type\":\"PropertyValueSpecification\",\"valueRequired\":true,\"valueName\":\"search_term_string\"}}],\"inLanguage\":\"nl-NL\"}]}<\/script>\n<!-- \/ Yoast SEO plugin. -->","yoast_head_json":{"title":"Kamperen het hele jaar geopend Villeneuve-les-Gen\u00eats | Verhuur het hele seizoen Yonne","robots":{"index":"index","follow":"follow","max-snippet":"max-snippet:-1","max-image-preview":"max-image-preview:large","max-video-preview":"max-video-preview:-1"},"canonical":"https:\/\/bois-guillaume.com\/nl\/kamperen-het-hele-jaar-geopend-villeneuve-les-genets\/","og_locale":"nl_NL","og_type":"article","og_title":"Kamperen het hele jaar geopend Villeneuve-les-Gen\u00eats | Verhuur het hele seizoen Yonne","og_url":"https:\/\/bois-guillaume.com\/nl\/kamperen-het-hele-jaar-geopend-villeneuve-les-genets\/","og_site_name":"Camping Bois Guillaume","article_modified_time":"2026-01-17T08:57:49+00:00","og_image":[{"width":1902,"height":500,"url":"https:\/\/bois-guillaume.com\/wp-content\/uploads\/2021\/03\/location-yonne.jpg","type":"image\/jpeg"}],"twitter_card":"summary_large_image","twitter_misc":{"Geschatte leestijd":"1 minuut"},"schema":{"@context":"https:\/\/schema.org","@graph":[{"@type":"WebPage","@id":"https:\/\/bois-guillaume.com\/nl\/kamperen-het-hele-jaar-geopend-villeneuve-les-genets\/","url":"https:\/\/bois-guillaume.com\/nl\/kamperen-het-hele-jaar-geopend-villeneuve-les-genets\/","name":"Kamperen het hele jaar geopend Villeneuve-les-Gen\u00eats | Verhuur het hele seizoen Yonne","isPartOf":{"@id":"https:\/\/bois-guillaume.com\/nl\/#website"},"primaryImageOfPage":{"@id":"https:\/\/bois-guillaume.com\/nl\/kamperen-het-hele-jaar-geopend-villeneuve-les-genets\/#primaryimage"},"image":{"@id":"https:\/\/bois-guillaume.com\/nl\/kamperen-het-hele-jaar-geopend-villeneuve-les-genets\/#primaryimage"},"thumbnailUrl":"https:\/\/bois-guillaume.com\/wp-content\/uploads\/2021\/03\/location-yonne.jpg","datePublished":"2021-03-22T08:36:17+00:00","dateModified":"2026-01-17T08:57:49+00:00","breadcrumb":{"@id":"https:\/\/bois-guillaume.com\/nl\/kamperen-het-hele-jaar-geopend-villeneuve-les-genets\/#breadcrumb"},"inLanguage":"nl-NL","potentialAction":[{"@type":"ReadAction","target":["https:\/\/bois-guillaume.com\/nl\/kamperen-het-hele-jaar-geopend-villeneuve-les-genets\/"]}]},{"@type":"ImageObject","inLanguage":"nl-NL","@id":"https:\/\/bois-guillaume.com\/nl\/kamperen-het-hele-jaar-geopend-villeneuve-les-genets\/#primaryimage","url":"https:\/\/bois-guillaume.com\/wp-content\/uploads\/2021\/03\/location-yonne.jpg","contentUrl":"https:\/\/bois-guillaume.com\/wp-content\/uploads\/2021\/03\/location-yonne.jpg","width":1902,"height":500,"caption":"location yonne"},{"@type":"BreadcrumbList","@id":"https:\/\/bois-guillaume.com\/nl\/kamperen-het-hele-jaar-geopend-villeneuve-les-genets\/#breadcrumb","itemListElement":[{"@type":"ListItem","position":1,"name":"Camping Yonne","item":"https:\/\/bois-guillaume.com\/nl\/"},{"@type":"ListItem","position":2,"name":"Camping alle seizoenen Villeneuve-les-Gen\u00eats"}]},{"@type":"WebSite","@id":"https:\/\/bois-guillaume.com\/nl\/#website","url":"https:\/\/bois-guillaume.com\/nl\/","name":"Camping Bois Guillaume","description":"","potentialAction":[{"@type":"SearchAction","target":{"@type":"EntryPoint","urlTemplate":"https:\/\/bois-guillaume.com\/nl\/?s={search_term_string}"},"query-input":{"@type":"PropertyValueSpecification","valueRequired":true,"valueName":"search_term_string"}}],"inLanguage":"nl-NL"}]}},"_links":{"self":[{"href":"https:\/\/bois-guillaume.com\/nl\/wp-json\/wp\/v2\/pages\/2640","targetHints":{"allow":["GET"]}}],"collection":[{"href":"https:\/\/bois-guillaume.com\/nl\/wp-json\/wp\/v2\/pages"}],"about":[{"href":"https:\/\/bois-guillaume.com\/nl\/wp-json\/wp\/v2\/types\/page"}],"author":[{"embeddable":true,"href":"https:\/\/bois-guillaume.com\/nl\/wp-json\/wp\/v2\/users\/1"}],"replies":[{"embeddable":true,"href":"https:\/\/bois-guillaume.com\/nl\/wp-json\/wp\/v2\/comments?post=2640"}],"version-history":[{"count":16,"href":"https:\/\/bois-guillaume.com\/nl\/wp-json\/wp\/v2\/pages\/2640\/revisions"}],"predecessor-version":[{"id":4389,"href":"https:\/\/bois-guillaume.com\/nl\/wp-json\/wp\/v2\/pages\/2640\/revisions\/4389"}],"wp:featuredmedia":[{"embeddable":true,"href":"https:\/\/bois-guillaume.com\/nl\/wp-json\/wp\/v2\/media\/938"}],"wp:attachment":[{"href":"https:\/\/bois-guillaume.com\/nl\/wp-json\/wp\/v2\/media?parent=2640"}],"curies":[{"name":"wp","href":"https:\/\/api.w.org\/{rel}","templated":true}]}}